{"id":66,"date":"2019-09-07T21:12:12","date_gmt":"2019-09-07T21:12:12","guid":{"rendered":"https:\/\/speakandcoach.eu\/?page_id=66"},"modified":"2026-04-15T11:04:26","modified_gmt":"2026-04-15T11:04:26","slug":"professional-coaching","status":"publish","type":"page","link":"https:\/\/speakandcoach.eu\/es\/professional-coaching\/","title":{"rendered":"Coaching"},"content":{"rendered":"<h1 class=\"wp-block-heading\">Coaching<\/h1>\n\n\n\n<h2 class=\"wp-block-heading\" id=\"PERSONAL\">APOYO PERSONAL<\/h2>\n\n\n<div class=\"wp-block-image\">\n<figure class=\"alignright is-resized\"><img loading=\"lazy\" decoding=\"async\" width=\"1024\" height=\"828\" src=\"https:\/\/speakandcoach.eu\/wp-content\/uploads\/2019\/09\/COACHING-empresarial-1-1024x828.jpeg\" alt=\"\" class=\"wp-image-6\" style=\"width:307px;height:249px\" srcset=\"https:\/\/speakandcoach.eu\/wp-content\/uploads\/2019\/09\/COACHING-empresarial-1-1024x828.jpeg 1024w, https:\/\/speakandcoach.eu\/wp-content\/uploads\/2019\/09\/COACHING-empresarial-1-300x243.jpeg 300w, https:\/\/speakandcoach.eu\/wp-content\/uploads\/2019\/09\/COACHING-empresarial-1-768x621.jpeg 768w, https:\/\/speakandcoach.eu\/wp-content\/uploads\/2019\/09\/COACHING-empresarial-1-830x671.jpeg 830w, https:\/\/speakandcoach.eu\/wp-content\/uploads\/2019\/09\/COACHING-empresarial-1-230x186.jpeg 230w\" sizes=\"auto, (max-width: 1024px) 100vw, 1024px\" \/><\/figure>\n<\/div>\n\n\n<h3 class=\"wp-block-heading\">No es de d\u00e9biles pedir ayuda, sino de inteligentes.<\/h3>\n\n\n<div class=\"wp-block-image\">\n<figure class=\"alignright is-resized\"><img loading=\"lazy\" decoding=\"async\" width=\"1024\" height=\"768\" src=\"https:\/\/speakandcoach.eu\/wp-content\/uploads\/2019\/09\/COACHING-personal-1-1024x768.jpeg\" alt=\"\" class=\"wp-image-7\" style=\"width:332px;height:250px\" srcset=\"https:\/\/speakandcoach.eu\/wp-content\/uploads\/2019\/09\/COACHING-personal-1-1024x768.jpeg 1024w, https:\/\/speakandcoach.eu\/wp-content\/uploads\/2019\/09\/COACHING-personal-1-300x225.jpeg 300w, https:\/\/speakandcoach.eu\/wp-content\/uploads\/2019\/09\/COACHING-personal-1-768x576.jpeg 768w, https:\/\/speakandcoach.eu\/wp-content\/uploads\/2019\/09\/COACHING-personal-1-830x623.jpeg 830w, https:\/\/speakandcoach.eu\/wp-content\/uploads\/2019\/09\/COACHING-personal-1-230x173.jpeg 230w\" sizes=\"auto, (max-width: 1024px) 100vw, 1024px\" \/><\/figure>\n<\/div>\n\n\n<p class=\"has-medium-font-size\">En momentos dif\u00edciles perdemos nuestro horizonte y nuestra vida parece sustentada por un fino hilo entre el fracaso y una adecuada soluci\u00f3n.<\/p>\n\n\n\n<p class=\"has-medium-font-size\">Una orientaci\u00f3n personalizada, que tome en cuenta el desarrollo de cada evento y nuestra percepci\u00f3n equ\u00edvoca del problema; puede significar una gran diferencia entre dar continuidad al mismo o emprender el camino al \u00e9xito. <a href=\"https:\/\/speakandcoach.eu\/es\/sample-page\/persona\/\">M\u00e1s informaci\u00f3n<\/a> <br><br><\/p>\n\n\n\n<h2 class=\"wp-block-heading\">TERAPIA DE GRUPO FAMILIAR<\/h2>\n\n\n<div class=\"wp-block-image\">\n<figure class=\"alignleft is-resized\"><img loading=\"lazy\" decoding=\"async\" width=\"1024\" height=\"683\" src=\"https:\/\/speakandcoach.eu\/wp-content\/uploads\/2019\/09\/COACHING-GRUPOfamilar-4-1024x683.jpeg\" alt=\"\" class=\"wp-image-15\" style=\"width:331px;height:220px\" srcset=\"https:\/\/speakandcoach.eu\/wp-content\/uploads\/2019\/09\/COACHING-GRUPOfamilar-4-1024x683.jpeg 1024w, https:\/\/speakandcoach.eu\/wp-content\/uploads\/2019\/09\/COACHING-GRUPOfamilar-4-300x200.jpeg 300w, https:\/\/speakandcoach.eu\/wp-content\/uploads\/2019\/09\/COACHING-GRUPOfamilar-4-768x512.jpeg 768w, https:\/\/speakandcoach.eu\/wp-content\/uploads\/2019\/09\/COACHING-GRUPOfamilar-4-830x553.jpeg 830w, https:\/\/speakandcoach.eu\/wp-content\/uploads\/2019\/09\/COACHING-GRUPOfamilar-4-230x153.jpeg 230w\" sizes=\"auto, (max-width: 1024px) 100vw, 1024px\" \/><\/figure>\n<\/div>\n\n<div class=\"wp-block-image\">\n<figure class=\"alignleft is-resized\"><img loading=\"lazy\" decoding=\"async\" width=\"1024\" height=\"810\" src=\"https:\/\/speakandcoach.eu\/wp-content\/uploads\/2019\/09\/COACHING-GRUPO-familiar-1-1024x810.jpeg\" alt=\"\" class=\"wp-image-13\" style=\"width:280px;height:222px\" srcset=\"https:\/\/speakandcoach.eu\/wp-content\/uploads\/2019\/09\/COACHING-GRUPO-familiar-1-1024x810.jpeg 1024w, https:\/\/speakandcoach.eu\/wp-content\/uploads\/2019\/09\/COACHING-GRUPO-familiar-1-300x237.jpeg 300w, https:\/\/speakandcoach.eu\/wp-content\/uploads\/2019\/09\/COACHING-GRUPO-familiar-1-768x607.jpeg 768w, https:\/\/speakandcoach.eu\/wp-content\/uploads\/2019\/09\/COACHING-GRUPO-familiar-1-830x656.jpeg 830w, https:\/\/speakandcoach.eu\/wp-content\/uploads\/2019\/09\/COACHING-GRUPO-familiar-1-230x182.jpeg 230w\" sizes=\"auto, (max-width: 1024px) 100vw, 1024px\" \/><\/figure>\n<\/div>\n\n\n<p>La salida nunca es f\u00e1cil, pero aprender a comprender nuestras emociones y la de nuestros seres queridos permite ver la luz sin dejar parches que obstaculicen el camino a emprender y tomar las decisiones acertadas para el bien com\u00fan.<\/p>\n\n\n\n<p class=\"has-medium-font-size\">Aprender a comprender que la familia es la prioridad, conlleva a edificar una estructura \u00fanica y progresiva. <a href=\"https:\/\/speakandcoach.eu\/es\/sample-page\/grupo-familiar\/\">M\u00e1s informaci\u00f3n<\/a> <br><br><\/p>\n\n\n\n<h2 class=\"wp-block-heading\">CONCILIACI\u00d3N DE PAREJAS<\/h2>\n\n\n<div class=\"wp-block-image\">\n<figure class=\"alignright is-resized\"><img loading=\"lazy\" decoding=\"async\" width=\"1024\" height=\"683\" src=\"https:\/\/speakandcoach.eu\/wp-content\/uploads\/2019\/09\/COACHING-GRUPOfamiliar-1024x683.jpeg\" alt=\"\" class=\"wp-image-16\" style=\"width:369px;height:245px\" srcset=\"https:\/\/speakandcoach.eu\/wp-content\/uploads\/2019\/09\/COACHING-GRUPOfamiliar-1024x683.jpeg 1024w, https:\/\/speakandcoach.eu\/wp-content\/uploads\/2019\/09\/COACHING-GRUPOfamiliar-300x200.jpeg 300w, https:\/\/speakandcoach.eu\/wp-content\/uploads\/2019\/09\/COACHING-GRUPOfamiliar-768x513.jpeg 768w, https:\/\/speakandcoach.eu\/wp-content\/uploads\/2019\/09\/COACHING-GRUPOfamiliar-830x554.jpeg 830w, https:\/\/speakandcoach.eu\/wp-content\/uploads\/2019\/09\/COACHING-GRUPOfamiliar-230x154.jpeg 230w\" sizes=\"auto, (max-width: 1024px) 100vw, 1024px\" \/><\/figure>\n<\/div>\n\n\n<p class=\"has-medium-font-size\">La sociedad moderna convive y promociona la individualidad como concepto revolucionario del ser humano alej\u00e1ndolo cada d\u00eda m\u00e1s de su entorno y el mundo que le rodea, debilit\u00e1ndolo y convirti\u00e9ndolo en un ser solitario, vulnerable y menos humano. <a href=\"https:\/\/speakandcoach.eu\/es\/sample-page\/parejas\/\">M\u00e1s informaci\u00f3n<\/a> <br><br><br><\/p>\n\n\n\n<h2 class=\"wp-block-heading\">ASESOR\u00cdA Y AYUDA VITAL EN ADICCIONES<\/h2>\n\n\n<div class=\"wp-block-image\">\n<figure class=\"alignleft is-resized\"><img loading=\"lazy\" decoding=\"async\" width=\"854\" height=\"1024\" src=\"https:\/\/speakandcoach.eu\/wp-content\/uploads\/2019\/09\/COACHING-adiccion-1-854x1024.jpeg\" alt=\"\" class=\"wp-image-8\" style=\"width:378px;height:453px\" srcset=\"https:\/\/speakandcoach.eu\/wp-content\/uploads\/2019\/09\/COACHING-adiccion-1-854x1024.jpeg 854w, https:\/\/speakandcoach.eu\/wp-content\/uploads\/2019\/09\/COACHING-adiccion-1-250x300.jpeg 250w, https:\/\/speakandcoach.eu\/wp-content\/uploads\/2019\/09\/COACHING-adiccion-1-768x921.jpeg 768w, https:\/\/speakandcoach.eu\/wp-content\/uploads\/2019\/09\/COACHING-adiccion-1-830x995.jpeg 830w, https:\/\/speakandcoach.eu\/wp-content\/uploads\/2019\/09\/COACHING-adiccion-1-230x276.jpeg 230w, https:\/\/speakandcoach.eu\/wp-content\/uploads\/2019\/09\/COACHING-adiccion-1.jpeg 1876w\" sizes=\"auto, (max-width: 854px) 100vw, 854px\" \/><\/figure>\n<\/div>\n\n\n<p class=\"has-medium-font-size\">En Speak and Coach, comprendemos lo dif\u00edcil que puede ser superar eventos y situaciones de nuestro pasado y presente, que conllevan a adentrarse en submundos como la Drogadicci\u00f3n y otros tipos de conductas compulsivas que nos impiden afrontar con decisi\u00f3n y un claro estado de conciencia, el camino a la soluci\u00f3n definitiva y permanente que nos devuelva a tomar las riendas de nuestras vidas. <a href=\"https:\/\/speakandcoach.eu\/es\/sample-page\/adicciones\/\">M\u00e1s informaci\u00f3n<\/a><\/p>","protected":false},"excerpt":{"rendered":"<p>Coaching PERSONAL SUPPORT It is not the weak who ask for help, but the wise. In difficult times, we lose sight of our goals, and our lives seem to hang by a thread between failure and a satisfactory solution. Personalised guidance, which takes into account how each situation unfolds and our own misperceptions of the &#8230;.&nbsp;&nbsp;<a class=\"special\" href=\"https:\/\/speakandcoach.eu\/es\/professional-coaching\/\">Read More<\/a><\/p>","protected":false},"author":1,"featured_media":0,"parent":0,"menu_order":0,"comment_status":"closed","ping_status":"closed","template":"","meta":{"pagelayer_contact_templates":[],"_pagelayer_content":"","footnotes":""},"class_list":["post-66","page","type-page","status-publish","hentry"],"_links":{"self":[{"href":"https:\/\/speakandcoach.eu\/es\/wp-json\/wp\/v2\/pages\/66","targetHints":{"allow":["GET"]}}],"collection":[{"href":"https:\/\/speakandcoach.eu\/es\/wp-json\/wp\/v2\/pages"}],"about":[{"href":"https:\/\/speakandcoach.eu\/es\/wp-json\/wp\/v2\/types\/page"}],"author":[{"embeddable":true,"href":"https:\/\/speakandcoach.eu\/es\/wp-json\/wp\/v2\/users\/1"}],"replies":[{"embeddable":true,"href":"https:\/\/speakandcoach.eu\/es\/wp-json\/wp\/v2\/comments?post=66"}],"version-history":[{"count":59,"href":"https:\/\/speakandcoach.eu\/es\/wp-json\/wp\/v2\/pages\/66\/revisions"}],"predecessor-version":[{"id":424,"href":"https:\/\/speakandcoach.eu\/es\/wp-json\/wp\/v2\/pages\/66\/revisions\/424"}],"wp:attachment":[{"href":"https:\/\/speakandcoach.eu\/es\/wp-json\/wp\/v2\/media?parent=66"}],"curies":[{"name":"wp","href":"https:\/\/api.w.org\/{rel}","templated":true}]}}