{"id":214,"date":"2019-10-06T14:58:41","date_gmt":"2019-10-06T14:58:41","guid":{"rendered":"https:\/\/speakandcoach.eu\/?page_id=214"},"modified":"2026-04-14T15:06:50","modified_gmt":"2026-04-14T15:06:50","slug":"personal","status":"publish","type":"page","link":"https:\/\/speakandcoach.eu\/es\/personal\/","title":{"rendered":"Personal"},"content":{"rendered":"<h1 class=\"wp-block-heading\">Apoyo personal<\/h1>\n\n\n\n<h2 class=\"wp-block-heading\">\u00bfTe sientes Deprimido?, \u00bfS\u00f3lo?, \u00bfInfravalorado?, \u00bfEstresado?, \u00bfCrisis Existencial?, \u00bfNo sabes a d\u00f3nde ir ni qu\u00e9 Hacer?<\/h2>\n\n\n<div class=\"wp-block-image\">\n<figure class=\"alignleft is-resized\"><img loading=\"lazy\" decoding=\"async\" width=\"1024\" height=\"683\" src=\"https:\/\/speakandcoach.eu\/wp-content\/uploads\/2019\/10\/COACH-PERSONAL-1024x683.jpeg\" alt=\"\" class=\"wp-image-201\" style=\"width:400px;height:266px\" srcset=\"https:\/\/speakandcoach.eu\/wp-content\/uploads\/2019\/10\/COACH-PERSONAL-1024x683.jpeg 1024w, https:\/\/speakandcoach.eu\/wp-content\/uploads\/2019\/10\/COACH-PERSONAL-300x200.jpeg 300w, https:\/\/speakandcoach.eu\/wp-content\/uploads\/2019\/10\/COACH-PERSONAL-768x512.jpeg 768w, https:\/\/speakandcoach.eu\/wp-content\/uploads\/2019\/10\/COACH-PERSONAL-830x553.jpeg 830w, https:\/\/speakandcoach.eu\/wp-content\/uploads\/2019\/10\/COACH-PERSONAL-230x153.jpeg 230w\" sizes=\"auto, (max-width: 1024px) 100vw, 1024px\" \/><\/figure>\n<\/div>\n\n\n<p class=\"has-medium-font-size\">\u00bfTe sientes Deprimido?, \u00bfS\u00f3lo?, \u00bfInfravalorado?, \u00bfEstresado?, \u00bfCrisis Existencial?, \u00bfNo sabes a d\u00f3nde ir ni qu\u00e9 Hacer?<\/p>\n\n\n\n<p class=\"has-medium-font-size\">Muchas veces compartir nuestras preocupaciones, inquietudes, miedos e inseguridades con un profesional que sepa sacar lo mejor de ti, ese potencial maravilloso e ilimitado que llevas dentro y que te has olvidado o no sabes que existe; te marcar\u00e1 la senda de una luz que nunca ha dejado de estar apagada.<\/p>\n\n\n\n<p class=\"has-medium-font-size\">Atr\u00e9vete a descubrirte, a ser t\u00fa mismo a demoler esas paredes que te bloquean y te impiden ser la mejor versi\u00f3n de ti y llegar a d\u00f3nde menos te imaginas. Yo te dar\u00e9 las herramientas que est\u00e1n dentro de ti.<\/p>\n\n\n\n<p class=\"has-medium-font-size\">Conociendo el ser humano extraordinario que eres, podr\u00e1s enfrentar todo lo que te aqueja desde otro punto de vista y superar los obst\u00e1culos, siempre y cuando t\u00fa est\u00e9s en disposici\u00f3n de hacerlo.<\/p>","protected":false},"excerpt":{"rendered":"<p>Personal support Do you feel depressed? Lonely? Undervalued? Stressed? Are you going through an existential crisis? Do you not know where to turn or what to do? Do you feel depressed? Lonely? Undervalued? Stressed? Going through an existential crisis? Not sure where to turn or what to do? Often, sharing your worries, concerns, fears and &#8230;.&nbsp;&nbsp;<a class=\"special\" href=\"https:\/\/speakandcoach.eu\/es\/personal\/\">Read More<\/a><\/p>","protected":false},"author":1,"featured_media":0,"parent":0,"menu_order":0,"comment_status":"closed","ping_status":"closed","template":"","meta":{"pagelayer_contact_templates":[],"_pagelayer_content":"","footnotes":""},"class_list":["post-214","page","type-page","status-publish","hentry"],"_links":{"self":[{"href":"https:\/\/speakandcoach.eu\/es\/wp-json\/wp\/v2\/pages\/214","targetHints":{"allow":["GET"]}}],"collection":[{"href":"https:\/\/speakandcoach.eu\/es\/wp-json\/wp\/v2\/pages"}],"about":[{"href":"https:\/\/speakandcoach.eu\/es\/wp-json\/wp\/v2\/types\/page"}],"author":[{"embeddable":true,"href":"https:\/\/speakandcoach.eu\/es\/wp-json\/wp\/v2\/users\/1"}],"replies":[{"embeddable":true,"href":"https:\/\/speakandcoach.eu\/es\/wp-json\/wp\/v2\/comments?post=214"}],"version-history":[{"count":7,"href":"https:\/\/speakandcoach.eu\/es\/wp-json\/wp\/v2\/pages\/214\/revisions"}],"predecessor-version":[{"id":426,"href":"https:\/\/speakandcoach.eu\/es\/wp-json\/wp\/v2\/pages\/214\/revisions\/426"}],"wp:attachment":[{"href":"https:\/\/speakandcoach.eu\/es\/wp-json\/wp\/v2\/media?parent=214"}],"curies":[{"name":"wp","href":"https:\/\/api.w.org\/{rel}","templated":true}]}}