{"id":2,"date":"2019-09-07T18:03:49","date_gmt":"2019-09-07T18:03:49","guid":{"rendered":"https:\/\/speakandcoach.eu\/?page_id=2"},"modified":"2026-04-15T11:16:28","modified_gmt":"2026-04-15T11:16:28","slug":"home-page","status":"publish","type":"page","link":"https:\/\/speakandcoach.eu\/es\/","title":{"rendered":"Home"},"content":{"rendered":"<p class=\"has-medium-font-size translation-block\">Ofrecemos un enfoque integral que combina <strong>el coaching, la tutor\u00eda y la psicolog\u00eda<\/strong> para apoyar tu desarrollo desde dentro.<\/p>\n\n\n\n<p class=\"has-medium-font-size translation-block\">Tanto si quieres mejorar tu forma de <strong>hablar<\/strong>, superar retos personales o tomar decisiones con mayor claridad, nuestras sesiones est\u00e1n dise\u00f1adas para guiarte paso a paso.<\/p>\n\n\n\n<p class=\"has-medium-font-size translation-block\">A trav\u00e9s de <strong>Neuropsicolog\u00eda y Asesoramiento<\/strong>, no solo trabajamos en tus objetivos, sino tambi\u00e9n en c\u00f3mo tu mente procesa las emociones, los comportamientos y la comunicaci\u00f3n.<\/p>\n\n\n\n\n\n<h1 class=\"wp-block-heading has-text-align-center\">Clases de ingl\u00e9s<\/h1>\n\n\n\n<h3 class=\"wp-block-heading has-text-align-center\"> &#8220;Every day is a new opportunity to achieve success.&#8221;<br><br><\/h3>\n\n\n\n<h2 class=\"wp-block-heading\" id=\"BUSINESS-ENGLISH\">BUSINESS ENGLISH<\/h2>\n\n\n<div class=\"wp-block-image\">\n<figure class=\"alignright is-resized\"><img loading=\"lazy\" decoding=\"async\" width=\"1024\" height=\"682\" src=\"https:\/\/speakandcoach.eu\/wp-content\/uploads\/2019\/09\/business-english-1-1024x682.jpg\" alt=\"\" class=\"wp-image-37\" style=\"width:397px;height:265px\" srcset=\"https:\/\/speakandcoach.eu\/wp-content\/uploads\/2019\/09\/business-english-1-1024x682.jpg 1024w, https:\/\/speakandcoach.eu\/wp-content\/uploads\/2019\/09\/business-english-1-300x200.jpg 300w, https:\/\/speakandcoach.eu\/wp-content\/uploads\/2019\/09\/business-english-1-768x512.jpg 768w, https:\/\/speakandcoach.eu\/wp-content\/uploads\/2019\/09\/business-english-1-830x553.jpg 830w, https:\/\/speakandcoach.eu\/wp-content\/uploads\/2019\/09\/business-english-1-230x153.jpg 230w, https:\/\/speakandcoach.eu\/wp-content\/uploads\/2019\/09\/business-english-1.jpg 1244w\" sizes=\"auto, (max-width: 1024px) 100vw, 1024px\" \/><\/figure>\n<\/div>\n\n\n<p class=\"has-medium-font-size\">El mundo requiere de personal capacitado no s\u00f3lo en lo t\u00e9cnico, sino tambi\u00e9n con capacidad de expresarse en forma din\u00e1mica, para expandirse y sustentarse en el tiempo.<\/p>\n\n\n\n<p class=\"has-medium-font-size\">We&#8217;ll help you improve your language skills!<br> <a href=\"https:\/\/speakandcoach.eu\/es\/sample-page\/business-english\/\">M\u00e1s informaci\u00f3n<\/a> <br><br><br><\/p>\n\n\n\n<h2 class=\"wp-block-heading has-text-align-left\">PREPARACI\u00d3N PARA EX\u00c1MENES OFICIALES<\/h2>\n\n\n<div class=\"wp-block-image\">\n<figure class=\"alignleft\"><img loading=\"lazy\" decoding=\"async\" width=\"408\" height=\"272\" src=\"https:\/\/speakandcoach.eu\/wp-content\/uploads\/2019\/09\/clases-para-examenes.jpg\" alt=\"\" class=\"wp-image-39\" srcset=\"https:\/\/speakandcoach.eu\/wp-content\/uploads\/2019\/09\/clases-para-examenes.jpg 408w, https:\/\/speakandcoach.eu\/wp-content\/uploads\/2019\/09\/clases-para-examenes-300x200.jpg 300w, https:\/\/speakandcoach.eu\/wp-content\/uploads\/2019\/09\/clases-para-examenes-230x153.jpg 230w\" sizes=\"auto, (max-width: 408px) 100vw, 408px\" \/><\/figure>\n<\/div>\n\n\n<p class=\"has-medium-font-size\">Te preparamos para superar las dificultades que tendr\u00e1 que afrontar durante tu examinaci\u00f3n oficial; ante las diferentes instituciones autorizadas para tus certificaciones dentro del Marco Com\u00fan Europeo de Referencia a las Lenguas. (MCER)<br> A1\/A2\/B1\/ B2 \/ C1 \/ C2 \/ TOEFL. <a href=\"https:\/\/speakandcoach.eu\/es\/sample-page\/examenes-oficiales\/\">M\u00e1s informaci\u00f3n<\/a> <br><br><br><br><\/p>\n\n\n\n<h2 class=\"wp-block-heading has-text-align-left\">APOYO ESCOLAR BILING\u00dcE<\/h2>\n\n\n<div class=\"wp-block-image\">\n<figure class=\"alignright\"><img loading=\"lazy\" decoding=\"async\" width=\"412\" height=\"275\" src=\"https:\/\/speakandcoach.eu\/wp-content\/uploads\/2019\/09\/Clases-para-ninos.jpg\" alt=\"\" class=\"wp-image-41\" srcset=\"https:\/\/speakandcoach.eu\/wp-content\/uploads\/2019\/09\/Clases-para-ninos.jpg 412w, https:\/\/speakandcoach.eu\/wp-content\/uploads\/2019\/09\/Clases-para-ninos-300x200.jpg 300w, https:\/\/speakandcoach.eu\/wp-content\/uploads\/2019\/09\/Clases-para-ninos-230x154.jpg 230w\" sizes=\"auto, (max-width: 412px) 100vw, 412px\" \/><\/figure>\n<\/div>\n\n\n<p class=\"has-medium-font-size\">La formaci\u00f3n adecuada en la ni\u00f1ez marca el camino del \u00e9xito. Brindamos las herramientas de la Lengua Inglesa para superar los retos en las diferentes \u00e1reas de la Educaci\u00f3n Primaria <a href=\"https:\/\/speakandcoach.eu\/es\/sample-page\/apoyo-bilingue\/\">M\u00e1s informaci\u00f3n<\/a><br><br><br><br><\/p>\n\n\n\n<h2 class=\"wp-block-heading\">CLASES PARTICULARES ONE ON ONE<\/h2>\n\n\n<div class=\"wp-block-image\">\n<figure class=\"alignleft\"><img loading=\"lazy\" decoding=\"async\" width=\"445\" height=\"297\" src=\"https:\/\/speakandcoach.eu\/wp-content\/uploads\/2019\/09\/clases-one-on-one.jpg\" alt=\"\" class=\"wp-image-38\" srcset=\"https:\/\/speakandcoach.eu\/wp-content\/uploads\/2019\/09\/clases-one-on-one.jpg 445w, https:\/\/speakandcoach.eu\/wp-content\/uploads\/2019\/09\/clases-one-on-one-300x200.jpg 300w, https:\/\/speakandcoach.eu\/wp-content\/uploads\/2019\/09\/clases-one-on-one-230x154.jpg 230w\" sizes=\"auto, (max-width: 445px) 100vw, 445px\" \/><\/figure>\n<\/div>\n\n\n<p class=\"has-medium-font-size\">Nuestras clases rompen con los esquemas tradicionales y mecanizados en la ense\u00f1anza del ingl\u00e9s.<\/p>\n\n\n\n<p class=\"has-medium-font-size\">Con nuestro m\u00e9todo, desde el primer d\u00eda comenzar\u00e1s a poner en pr\u00e1ctica todas tus habilidades ling\u00fc\u00edsticas, fon\u00e9tica y de lectura. <a href=\"https:\/\/speakandcoach.eu\/es\/sample-page\/clases-particulares\/\">M\u00e1s informaci\u00f3n<\/a><\/p>\n\n\n\n<p><\/p>\n\n\n\n\n\n<h2>CONTINUOUS LEARNING ADVANCE PROGRAMING SUS OR\u00cdGENES<\/h2>\n\n\n\n\n\n\n\n\n\n\n\n<p>Desde 1991 hasta la actualidad me he desempe\u00f1ado como profesor de lenguas extranjeras y como Int\u00e9rprete Consecutivo y Simult\u00e1neo para varias empresas de prestigio tanto en Caracas, Venezuela como en Madrid Espana para prestigiosas empresas y cuerpos gerenciales, como AT&amp;T, Airbus, Kugen Nagel, Sundine Acuadine entre mucas m\u00e1s a trav\u00e9s de contratistas de servicios y Academias de Idiomas.<br><br>Desde 2017 form\u00f3 parte del prestigioso, Oxform Teachers Club de la editorial de la Universidad de Oxford, donde pude investigar las diferentes dificultades cognitivas y ling\u00fc\u00edsticas en el aprendizaje del idioma Ingl\u00e9s durante mis horas lectivas.<br><br>Pude notar la dificultad desde la caja sonora bucal \" cavidad bucal\" de los Espa\u00f1oles en el acentuaci\u00f3n de la \"Z\" y las \"S\" las cuales son consonantes no consonas con la pronunciaci\u00f3n de la lengua Inglesas as\u00ed como la dificultad de lo que denomine como \" consonantes vibrantes \" \" consonantes infinitas\" y \"consonantes de percusi\u00f3n \" y la capacidad de reajustas la frecuencia respiratoria para dar como resultado el desmontar la mayor mentira de las academias de que para el Espa\u00f1ol es dif\u00edcil aprender Ingl\u00e9s, dando como resultado un aprendizaje no sujeto al mercantilismo editorial y repetitivo con costos y anos de pocos resultados.<br><br>La aplicaci\u00f3n de la neuroling\u00fc\u00edstica y la psicoling\u00fc\u00edstica como medio de re programaci\u00f3n a la estructura del pensamiento y cognitiva en la memorizaci\u00f3n del idioma ingles dieron como resultado la estructura del m\u00e9todo CLAP.<br><a href=\"https:\/\/speakandcoach.eu\/es\/clap-continuous-learning-advanced-programming\/\" target=\"_blank\">M\u00e1s informaci\u00f3n<\/a><\/p>","protected":false},"excerpt":{"rendered":"<p>We offer a holistic approach that integrates Coaching, Mentoring and Psychology to support your development from within. Whether you want to improve how you speak, overcome personal challenges, or gain clarity in your decisions, our sessions are designed to guide you step by step. Through Neuropsychology and Counselling, we work not only on your goals, &#8230;.&nbsp;&nbsp;<a class=\"special\" href=\"https:\/\/speakandcoach.eu\/es\/\">Read More<\/a><\/p>","protected":false},"author":1,"featured_media":0,"parent":0,"menu_order":0,"comment_status":"closed","ping_status":"closed","template":"","meta":{"pagelayer_contact_templates":[],"_pagelayer_content":"","footnotes":""},"class_list":["post-2","page","type-page","status-publish","hentry"],"_links":{"self":[{"href":"https:\/\/speakandcoach.eu\/es\/wp-json\/wp\/v2\/pages\/2","targetHints":{"allow":["GET"]}}],"collection":[{"href":"https:\/\/speakandcoach.eu\/es\/wp-json\/wp\/v2\/pages"}],"about":[{"href":"https:\/\/speakandcoach.eu\/es\/wp-json\/wp\/v2\/types\/page"}],"author":[{"embeddable":true,"href":"https:\/\/speakandcoach.eu\/es\/wp-json\/wp\/v2\/users\/1"}],"replies":[{"embeddable":true,"href":"https:\/\/speakandcoach.eu\/es\/wp-json\/wp\/v2\/comments?post=2"}],"version-history":[{"count":72,"href":"https:\/\/speakandcoach.eu\/es\/wp-json\/wp\/v2\/pages\/2\/revisions"}],"predecessor-version":[{"id":446,"href":"https:\/\/speakandcoach.eu\/es\/wp-json\/wp\/v2\/pages\/2\/revisions\/446"}],"wp:attachment":[{"href":"https:\/\/speakandcoach.eu\/es\/wp-json\/wp\/v2\/media?parent=2"}],"curies":[{"name":"wp","href":"https:\/\/api.w.org\/{rel}","templated":true}]}}