{"id":196,"date":"2019-10-06T14:43:00","date_gmt":"2019-10-06T14:43:00","guid":{"rendered":"https:\/\/speakandcoach.eu\/?page_id=196"},"modified":"2026-04-14T14:37:51","modified_gmt":"2026-04-14T14:37:51","slug":"business-english-2","status":"publish","type":"page","link":"https:\/\/speakandcoach.eu\/es\/business-english-2\/","title":{"rendered":"Business English"},"content":{"rendered":"<h1 class=\"wp-block-heading has-text-align-center\">Ingl\u00e9s para empresas y aut\u00f3nomos<\/h1>\n\n\n\n<p><\/p>\n\n\n\n<p><\/p>\n\n\n\n<h2 class=\"wp-block-heading\">BUSINESS ENGLISH<\/h2>\n\n\n\n<h3 class=\"wp-block-heading has-text-align-left\">Prep\u00e1rate para los retos de hoy<\/h3>\n\n\n<div class=\"wp-block-image\">\n<figure class=\"alignleft is-resized\"><img loading=\"lazy\" decoding=\"async\" width=\"1000\" height=\"548\" src=\"https:\/\/speakandcoach.eu\/wp-content\/uploads\/2019\/10\/BUSINESS-ENGLISH.jpg\" alt=\"\" class=\"wp-image-258\" style=\"width:546px;height:298px\" srcset=\"https:\/\/speakandcoach.eu\/wp-content\/uploads\/2019\/10\/BUSINESS-ENGLISH.jpg 1000w, https:\/\/speakandcoach.eu\/wp-content\/uploads\/2019\/10\/BUSINESS-ENGLISH-300x164.jpg 300w, https:\/\/speakandcoach.eu\/wp-content\/uploads\/2019\/10\/BUSINESS-ENGLISH-768x421.jpg 768w, https:\/\/speakandcoach.eu\/wp-content\/uploads\/2019\/10\/BUSINESS-ENGLISH-830x455.jpg 830w, https:\/\/speakandcoach.eu\/wp-content\/uploads\/2019\/10\/BUSINESS-ENGLISH-230x126.jpg 230w\" sizes=\"auto, (max-width: 1000px) 100vw, 1000px\" \/><\/figure>\n<\/div>\n\n\n<p class=\"has-medium-font-size\">Aumenta tus posibilidades de ser seleccionado, desarrollando una de las habilidades m\u00e1s demandadas en el Mercado: EL IDIOMA INGL\u00c9S.<\/p>\n\n\n\n<p class=\"has-medium-font-size\">Destaca en tu entorno laboral y amplia tu vocabulario profesional, adapt\u00e1ndote a las crecientes exigencias del mundo empresarial que har\u00e1n de ti, un recurso humano m\u00e1s competitivo.<\/p>\n\n\n\n<p class=\"has-medium-font-size\">Ya seas Abogado, Profesor, M\u00e9dico, Ingeniero, Deportista, Administrativo, Turist\u00f3logo, Comercio Exterior, Empresa Trasnacional etc., cualquiera que sea el \u00e1mbito profesional en el que te desenvuelvas, nuestros profesores est\u00e1n capacitados para instruirte en el ingl\u00e9s m\u00e1s Especializado.<\/p>","protected":false},"excerpt":{"rendered":"<p>English for businesses and the self-employed BUSINESS ENGLISH Get ready for today\u2019s challenges Boost your chances of being selected by developing one of the most sought-after skills in the job market: ENGLISH. Stand out in your workplace and expand your professional vocabulary, adapting to the growing demands of the business world, which will make you &#8230;.&nbsp;&nbsp;<a class=\"special\" href=\"https:\/\/speakandcoach.eu\/es\/business-english-2\/\">Read More<\/a><\/p>","protected":false},"author":1,"featured_media":0,"parent":0,"menu_order":0,"comment_status":"closed","ping_status":"closed","template":"","meta":{"pagelayer_contact_templates":[],"_pagelayer_content":"","footnotes":""},"class_list":["post-196","page","type-page","status-publish","hentry"],"_links":{"self":[{"href":"https:\/\/speakandcoach.eu\/es\/wp-json\/wp\/v2\/pages\/196","targetHints":{"allow":["GET"]}}],"collection":[{"href":"https:\/\/speakandcoach.eu\/es\/wp-json\/wp\/v2\/pages"}],"about":[{"href":"https:\/\/speakandcoach.eu\/es\/wp-json\/wp\/v2\/types\/page"}],"author":[{"embeddable":true,"href":"https:\/\/speakandcoach.eu\/es\/wp-json\/wp\/v2\/users\/1"}],"replies":[{"embeddable":true,"href":"https:\/\/speakandcoach.eu\/es\/wp-json\/wp\/v2\/comments?post=196"}],"version-history":[{"count":18,"href":"https:\/\/speakandcoach.eu\/es\/wp-json\/wp\/v2\/pages\/196\/revisions"}],"predecessor-version":[{"id":416,"href":"https:\/\/speakandcoach.eu\/es\/wp-json\/wp\/v2\/pages\/196\/revisions\/416"}],"wp:attachment":[{"href":"https:\/\/speakandcoach.eu\/es\/wp-json\/wp\/v2\/media?parent=196"}],"curies":[{"name":"wp","href":"https:\/\/api.w.org\/{rel}","templated":true}]}}